{"id":317,"date":"2020-11-15T19:32:58","date_gmt":"2020-11-15T17:32:58","guid":{"rendered":"http:\/\/pkbfch.opatovska.sk\/?page_id=317"},"modified":"2020-11-18T19:21:36","modified_gmt":"2020-11-18T17:21:36","slug":"sutaze-z-biologie","status":"publish","type":"page","link":"https:\/\/pkbfch.opatovska.sk\/?page_id=317","title":{"rendered":"S\u00fa\u0165a\u017ee z biol\u00f3gie"},"content":{"rendered":"<p><strong>1.Olympi\u00e1da\u00a0<\/strong><\/p>\n<p>&#8211; ur\u010den\u00e1 pre 6-9. ro\u010dn\u00edk\u00a0Z\u0160 (pr\u00edma &#8211; kvarta OG) &#8211; samostatn\u00e1 pr\u00e1ca<\/p>\n<p>&#8211; viac inform\u00e1cii\u00a0<u><a href=\"http:\/\/www.iuventa.sk\/sk\/olympiady\/olympiady-a-sutaze\/BiO.alej\">https:\/\/www.iuventa.sk\/sk\/olympiady\/olympiady-a-sutaze\/BiO.alej<\/a><\/u><\/p>\n<p>&#8211; kateg\u00f3rie:<\/p>\n<p>&nbsp;<\/p>\n<p>E &#8211; pre \u017eiakov 6. \u2013 9. ro\u010dn\u00edka Z\u0160 (pr\u00edma &#8211; kvarta OG)<\/p>\n<p>m\u00e1 nieko\u013eko \u010dast\u00ed (sta\u010d\u00ed si vybra\u0165 jednu):<\/p>\n<ol>\n<li>rastliny<\/li>\n<li>\u017eivo\u010d\u00edchy<\/li>\n<\/ol>\n<p>III. pr\u00edrodniny (horniny)<\/p>\n<p>&nbsp;<\/p>\n<p>D &#8211; pre \u017eiakov 6. \u2013 7. ro\u010dn\u00edka Z\u0160 a (pr\u00edma, sekunda OG)<\/p>\n<p>m\u00e1 nieko\u013eko \u010dast\u00ed (sta\u010d\u00ed si vybra\u0165 jednu):<\/p>\n<ol>\n<li>teoreticko-praktick\u00e1 (sk\u00famanie mikrospokopom a pod.)<\/li>\n<li>projektov\u00e1 (tvorba posteru)<\/li>\n<\/ol>\n<p>&nbsp;<\/p>\n<p>C &#8211; pre \u017eiakov 8. a 9. ro\u010dn\u00edka\u00a0Z\u0160 (tercia, kvarta OG)<\/p>\n<p>m\u00e1 nieko\u013eko \u010dast\u00ed\u00a0(sta\u010d\u00ed si vybra\u0165 jednu):<\/p>\n<ol>\n<li>teoreticko-praktick\u00e1 (sk\u00famanie mikrospokopom a pod.)<\/li>\n<li>projektov\u00e1 (tvorba posteru)<\/li>\n<\/ol>\n<p>&nbsp;<\/p>\n<ol start=\"2\">\n<li><strong>SO\u010c<\/strong><\/li>\n<\/ol>\n<p>&#8211; ur\u010den\u00e1 pre 1.- 4. ro\u010dn\u00edk \u201eve\u013ek\u00e9ho\u201c gymn\u00e1zia<\/p>\n<p>&#8211; viac inform\u00e1ci\u00ed:<\/p>\n<p>&nbsp;<\/p>\n<p>Pri v\u00fdbere t\u00e9my V\u00e1m m\u00f4\u017ee pom\u00f4c\u0165 zoznam doteraz prezentovan\u00fdch pr\u00e1c, ktor\u00fd n\u00e1jdete na str\u00e1nke (v \u010dasti V\u00fdsledkov\u00e9 listiny) :\u00a0\u00a0<a href=\"http:\/\/siov.sk\/sutaze\/stredoskolska-odborna-cinnost\/\">http:\/\/siov.sk\/sutaze\/stredoskolska-odborna-cinnost\/<\/a><\/p>\n<p>\u010eal\u0161ie inform\u00e1cie a vzor spr\u00e1vneho sp\u00f4sobu citovania n\u00e1jdete na str\u00e1nke<\/p>\n<p><a href=\"http:\/\/rcm.sk\/wp-content\/uploads\/2018\/11\/Metodika-SO%C4%8C-2018.pdf\">http:\/\/rcm.sk\/wp-content\/uploads\/2018\/11\/Metodika-SO%C4%8C-2018.pdf<\/a><\/p>\n<p>Pre viac inform\u00e1ci\u00ed nev\u00e1hajte kontaktova\u0165 vyu\u010duj\u00faceho BIO, CHE alebo FYZ!<\/p>\n<p>&nbsp;<\/p>\n<p>&nbsp;<\/p>\n","protected":false},"excerpt":{"rendered":"<p>1.Olympi\u00e1da\u00a0 &#8211; ur\u010den\u00e1 pre 6-9. ro\u010dn\u00edk\u00a0Z\u0160 (pr\u00edma &#8211; kvarta OG) &#8211; samostatn\u00e1 pr\u00e1ca &#8211; viac inform\u00e1cii\u00a0https:\/\/www.iuventa.sk\/sk\/olympiady\/olympiady-a-sutaze\/BiO.alej &#8211; kateg\u00f3rie: &nbsp; E &#8211; pre \u017eiakov 6. \u2013 9. ro\u010dn\u00edka Z\u0160 (pr\u00edma &#8211; kvarta OG) m\u00e1 nieko\u013eko \u010dast\u00ed (sta\u010d\u00ed si vybra\u0165 jednu): rastliny \u017eivo\u010d\u00edchy III. pr\u00edrodniny (horniny) &nbsp; D &#8211; pre \u017eiakov 6. \u2013 7. ro\u010dn\u00edka Z\u0160 a [&hellip;]<\/p>\n","protected":false},"author":4,"featured_media":0,"parent":178,"menu_order":0,"comment_status":"closed","ping_status":"closed","template":"","meta":{"footnotes":""},"class_list":["post-317","page","type-page","status-publish","hentry"],"_links":{"self":[{"href":"https:\/\/pkbfch.opatovska.sk\/index.php?rest_route=\/wp\/v2\/pages\/317","targetHints":{"allow":["GET"]}}],"collection":[{"href":"https:\/\/pkbfch.opatovska.sk\/index.php?rest_route=\/wp\/v2\/pages"}],"about":[{"href":"https:\/\/pkbfch.opatovska.sk\/index.php?rest_route=\/wp\/v2\/types\/page"}],"author":[{"embeddable":true,"href":"https:\/\/pkbfch.opatovska.sk\/index.php?rest_route=\/wp\/v2\/users\/4"}],"replies":[{"embeddable":true,"href":"https:\/\/pkbfch.opatovska.sk\/index.php?rest_route=%2Fwp%2Fv2%2Fcomments&post=317"}],"version-history":[{"count":8,"href":"https:\/\/pkbfch.opatovska.sk\/index.php?rest_route=\/wp\/v2\/pages\/317\/revisions"}],"predecessor-version":[{"id":330,"href":"https:\/\/pkbfch.opatovska.sk\/index.php?rest_route=\/wp\/v2\/pages\/317\/revisions\/330"}],"up":[{"embeddable":true,"href":"https:\/\/pkbfch.opatovska.sk\/index.php?rest_route=\/wp\/v2\/pages\/178"}],"wp:attachment":[{"href":"https:\/\/pkbfch.opatovska.sk\/index.php?rest_route=%2Fwp%2Fv2%2Fmedia&parent=317"}],"curies":[{"name":"wp","href":"https:\/\/api.w.org\/{rel}","templated":true}]}}