{"id":33,"date":"2017-10-08T10:16:23","date_gmt":"2017-10-08T08:16:23","guid":{"rendered":"http:\/\/pkbfch.opatovska.sk\/?page_id=33"},"modified":"2025-11-06T15:43:43","modified_gmt":"2025-11-06T13:43:43","slug":"biologia","status":"publish","type":"page","link":"https:\/\/pkbfch.opatovska.sk\/?page_id=33","title":{"rendered":"O predmete &#8211; Biol\u00f3gia"},"content":{"rendered":"<h2 class=\"component_heading\">Biol\u00f3gia na na\u0161om gymn\u00e1ziu<\/h2>\n<div class=\"component_content\">\n<p><strong>Vyu\u010duj\u00faci biol\u00f3gie:<\/strong><\/p>\n<p>Mgr. Barbora \u0160ebestov\u00e1<\/p>\n<p>RNDr. Denisa Hrehorov\u00e1<\/p>\n<p>RNDr. Janka Lackov\u00e1<\/p>\n<p><strong>Charakteristika predmetu biol\u00f3gia:<\/strong><\/p>\n<p>U\u010debn\u00fd predmet biol\u00f3gia poskytne v r\u00e1mci \u0161t\u00e1tneho programu stredo\u0161kolsk\u00e9ho vzdel\u00e1vania (ISCED 3) z\u00e1kladn\u00fd syst\u00e9m poznatkov o \u017eivej pr\u00edrode, ako predpokladu formovania pr\u00edrodovednej gramotnosti. Poznanie z\u00e1konov, ktor\u00fdmi sa riadi \u017eiv\u00e1 pr\u00edroda, je z\u00e1kladom pre pochopenie jej fungovania ako celku a je d\u00f4le\u017eit\u00e9 pre formovanie citliv\u00e9ho vz\u0165ahu k nej. Toto poznanie je z\u00e1rove\u0148 nevyhnutn\u00fdm predpokladom zodpovedn\u00e9ho pr\u00edstupu k cel\u00e9mu okolit\u00e9mu svetu ako aj sebe sam\u00e9mu.<\/p>\n<p>Program je koncipovan\u00fd tak, aby bolo mo\u017en\u00e9 \u010do najviac vyu\u017e\u00edva\u0165 modern\u00e9 didaktick\u00e9 formy, met\u00f3dy a prostriedky, ktor\u00e9 okrem maxim\u00e1lnej n\u00e1zornosti, podporuj\u00fa samostatnos\u0165 a kreativitu \u017eiakov pri pr\u00e1ci s inform\u00e1ciami, umo\u017e\u0148uj\u00fa pracova\u0165 s pr\u00edrodninami, realizova\u0165 experimenty a rozv\u00edjaj\u00fa schopnos\u0165 \u017eiakov poznatky aplikova\u0165. Preto sa v ka\u017edom ro\u010dn\u00edku na jednej vyu\u010dovacej hodine t\u00fd\u017edenne trieda del\u00ed na skupiny.<\/p>\n<p><strong>Cie\u013eov\u00e9 po\u017eiadavky na maturitn\u00fa sk\u00fa\u0161ku z BIO<\/strong><\/p>\n<p><a href=\"http:\/\/www.statpedu.sk\/files\/sk\/svp\/maturitne-skusky\/platne-od-sk-r-2018\/2019\/cp_biologia_2019.pdf\">http:\/\/www.statpedu.sk\/files\/sk\/svp\/maturitne-skusky\/platne-od-sk-r-2018\/2019\/cp_biologia_2019.pdf<\/a><\/p>\n<\/div>\n<p><strong>Ak sa \u017eiak nez\u00fa\u010dastn\u00ed vopred ozn\u00e1menej p\u00edsomky, vyu\u010duj\u00faci v EduPage mu zad\u00e1 hodnotu \u201em\u201c, \u010do znamen\u00e1, \u017ee p\u00edsomku \u017eiak neabsolvoval. Toto hodnotenie bude \u017eiakovi zmenen\u00e9 po absolvovan\u00ed n\u00e1hradnej mo\u017enosti klasifik\u00e1cie, ktorej sp\u00f4sob a \u010das ur\u010d\u00ed vyu\u010duj\u00faci.<\/strong><\/p>\n","protected":false},"excerpt":{"rendered":"<p>Biol\u00f3gia na na\u0161om gymn\u00e1ziu Vyu\u010duj\u00faci biol\u00f3gie: Mgr. Barbora \u0160ebestov\u00e1 RNDr. Denisa Hrehorov\u00e1 RNDr. Janka Lackov\u00e1 Charakteristika predmetu biol\u00f3gia: U\u010debn\u00fd predmet biol\u00f3gia poskytne v r\u00e1mci \u0161t\u00e1tneho programu stredo\u0161kolsk\u00e9ho vzdel\u00e1vania (ISCED 3) z\u00e1kladn\u00fd syst\u00e9m poznatkov o \u017eivej pr\u00edrode, ako predpokladu formovania pr\u00edrodovednej gramotnosti. Poznanie z\u00e1konov, ktor\u00fdmi sa riadi \u017eiv\u00e1 pr\u00edroda, je z\u00e1kladom pre pochopenie jej fungovania ako [&hellip;]<\/p>\n","protected":false},"author":1,"featured_media":0,"parent":0,"menu_order":0,"comment_status":"closed","ping_status":"open","template":"","meta":{"footnotes":""},"class_list":["post-33","page","type-page","status-publish","hentry"],"_links":{"self":[{"href":"https:\/\/pkbfch.opatovska.sk\/index.php?rest_route=\/wp\/v2\/pages\/33","targetHints":{"allow":["GET"]}}],"collection":[{"href":"https:\/\/pkbfch.opatovska.sk\/index.php?rest_route=\/wp\/v2\/pages"}],"about":[{"href":"https:\/\/pkbfch.opatovska.sk\/index.php?rest_route=\/wp\/v2\/types\/page"}],"author":[{"embeddable":true,"href":"https:\/\/pkbfch.opatovska.sk\/index.php?rest_route=\/wp\/v2\/users\/1"}],"replies":[{"embeddable":true,"href":"https:\/\/pkbfch.opatovska.sk\/index.php?rest_route=%2Fwp%2Fv2%2Fcomments&post=33"}],"version-history":[{"count":17,"href":"https:\/\/pkbfch.opatovska.sk\/index.php?rest_route=\/wp\/v2\/pages\/33\/revisions"}],"predecessor-version":[{"id":36601,"href":"https:\/\/pkbfch.opatovska.sk\/index.php?rest_route=\/wp\/v2\/pages\/33\/revisions\/36601"}],"wp:attachment":[{"href":"https:\/\/pkbfch.opatovska.sk\/index.php?rest_route=%2Fwp%2Fv2%2Fmedia&parent=33"}],"curies":[{"name":"wp","href":"https:\/\/api.w.org\/{rel}","templated":true}]}}