{"id":4,"date":"2015-09-08T10:07:28","date_gmt":"2015-09-08T08:07:28","guid":{"rendered":"http:\/\/pkbfch.opatovska.sk\/?page_id=4"},"modified":"2025-11-06T07:46:44","modified_gmt":"2025-11-06T05:46:44","slug":"clenovia","status":"publish","type":"page","link":"https:\/\/pkbfch.opatovska.sk\/","title":{"rendered":"\u010clenovia PK"},"content":{"rendered":"<p><strong>Predsedn\u00ed\u010dka PK:<\/strong><\/p>\n<p>RNDr. Janka Lackov\u00e1<\/p>\n<p><strong>\u010dlenovia: <\/strong><span id=\"teachers_DFText_1-3039490\" class=\"skgd skgdli-teachers_ListItem_1-teachers_DFText_1\" data-sgid=\"teachers_DFText_1-3039490\"><\/span><\/p>\n<p>RNDr. Agnesa Feh\u00e9rov\u00e1<\/p>\n<p>RNDr. Timea G\u00e1bov\u00e1, PhD.<\/p>\n<p>RNDr. Marta Hal\u00e1szov\u00e1<\/p>\n<p>RNDr. Denisa Hrehorov\u00e1<span id=\"teachers_DFText_1-3031110\" class=\"skgd skgdli-teachers_ListItem_1-teachers_DFText_1\" data-sgid=\"teachers_DFText_1-3031110\"><\/span><\/p>\n<p>Mgr. Ot\u00edlia Plencnerov\u00e1<\/p>\n<p>Mgr. Martin Slivinsk\u00fd<\/p>\n<p id=\"teachers_Div_2-3031110\" class=\"skgd skgdli-teachers_ListItem_1-teachers_Div_2 composite\" data-sgid=\"teachers_Div_2-3031110\"><span id=\"teachers_DFText_1-3031110\" class=\"skgd skgdli-teachers_ListItem_1-teachers_DFText_1\" data-sgid=\"teachers_DFText_1-3031110\">\u00a0Mgr. Barbora \u0160ebestov\u00e1<\/span><\/p>\n<div data-sgid=\"teachers_Div_2-3031110\"><\/div>\n","protected":false},"excerpt":{"rendered":"<p>Predsedn\u00ed\u010dka PK: RNDr. Janka Lackov\u00e1 \u010dlenovia: RNDr. Agnesa Feh\u00e9rov\u00e1 RNDr. Timea G\u00e1bov\u00e1, PhD. RNDr. Marta Hal\u00e1szov\u00e1 RNDr. Denisa Hrehorov\u00e1 Mgr. Ot\u00edlia Plencnerov\u00e1 Mgr. Martin Slivinsk\u00fd \u00a0Mgr. Barbora \u0160ebestov\u00e1<\/p>\n","protected":false},"author":1,"featured_media":0,"parent":0,"menu_order":0,"comment_status":"closed","ping_status":"open","template":"","meta":{"footnotes":""},"class_list":["post-4","page","type-page","status-publish","hentry"],"_links":{"self":[{"href":"https:\/\/pkbfch.opatovska.sk\/index.php?rest_route=\/wp\/v2\/pages\/4","targetHints":{"allow":["GET"]}}],"collection":[{"href":"https:\/\/pkbfch.opatovska.sk\/index.php?rest_route=\/wp\/v2\/pages"}],"about":[{"href":"https:\/\/pkbfch.opatovska.sk\/index.php?rest_route=\/wp\/v2\/types\/page"}],"author":[{"embeddable":true,"href":"https:\/\/pkbfch.opatovska.sk\/index.php?rest_route=\/wp\/v2\/users\/1"}],"replies":[{"embeddable":true,"href":"https:\/\/pkbfch.opatovska.sk\/index.php?rest_route=%2Fwp%2Fv2%2Fcomments&post=4"}],"version-history":[{"count":37,"href":"https:\/\/pkbfch.opatovska.sk\/index.php?rest_route=\/wp\/v2\/pages\/4\/revisions"}],"predecessor-version":[{"id":36599,"href":"https:\/\/pkbfch.opatovska.sk\/index.php?rest_route=\/wp\/v2\/pages\/4\/revisions\/36599"}],"wp:attachment":[{"href":"https:\/\/pkbfch.opatovska.sk\/index.php?rest_route=%2Fwp%2Fv2%2Fmedia&parent=4"}],"curies":[{"name":"wp","href":"https:\/\/api.w.org\/{rel}","templated":true}]}}