{"id":628,"date":"2022-09-22T15:32:42","date_gmt":"2022-09-22T13:32:42","guid":{"rendered":"http:\/\/pkbfch.opatovska.sk\/?page_id=628"},"modified":"2025-11-06T15:53:02","modified_gmt":"2025-11-06T13:53:02","slug":"sutaze-2022-23","status":"publish","type":"page","link":"https:\/\/pkbfch.opatovska.sk\/?page_id=628","title":{"rendered":"S\u00fa\u0165a\u017ee 2025\/26"},"content":{"rendered":"\n<p>pr\u00ed\u0164A\u017d &#8211; 1.kolo &#8211; term\u00edn odovzdania rie\u0161en\u00ed do 1.12.2025<\/p>\n\n\n\n<div data-wp-interactive=\"core\/file\" class=\"wp-block-file\"><object data-wp-bind--hidden=\"!state.hasPdfPreview\" hidden class=\"wp-block-file__embed\" data=\"http:\/\/pkbfch.opatovska.sk\/wp-content\/uploads\/2023\/10\/PRITAZ_zadania_1.kolo_.pdf\" type=\"application\/pdf\" style=\"width:100%;height:600px\" aria-label=\"Vlo\u017ei\u0165 PRITAZ_zadania_1.kolo_.\"><\/object><a id=\"wp-block-file--media-8c254791-91a3-4c75-8242-044dd98cda53\" href=\"http:\/\/pkbfch.opatovska.sk\/wp-content\/uploads\/2023\/10\/PRITAZ_zadania_1.kolo_.pdf\">PRITAZ_zadania_1.kolo_<\/a><a href=\"http:\/\/pkbfch.opatovska.sk\/wp-content\/uploads\/2023\/10\/PRITAZ_zadania_1.kolo_.pdf\" class=\"wp-block-file__button wp-element-button\" download aria-describedby=\"wp-block-file--media-8c254791-91a3-4c75-8242-044dd98cda53\">Stiahnu\u0165<\/a><\/div>\n","protected":false},"excerpt":{"rendered":"<p>pr\u00ed\u0164A\u017d &#8211; 1.kolo &#8211; term\u00edn odovzdania rie\u0161en\u00ed do 1.12.2025<\/p>\n","protected":false},"author":5,"featured_media":0,"parent":0,"menu_order":0,"comment_status":"closed","ping_status":"closed","template":"","meta":{"footnotes":""},"class_list":["post-628","page","type-page","status-publish","hentry"],"_links":{"self":[{"href":"https:\/\/pkbfch.opatovska.sk\/index.php?rest_route=\/wp\/v2\/pages\/628","targetHints":{"allow":["GET"]}}],"collection":[{"href":"https:\/\/pkbfch.opatovska.sk\/index.php?rest_route=\/wp\/v2\/pages"}],"about":[{"href":"https:\/\/pkbfch.opatovska.sk\/index.php?rest_route=\/wp\/v2\/types\/page"}],"author":[{"embeddable":true,"href":"https:\/\/pkbfch.opatovska.sk\/index.php?rest_route=\/wp\/v2\/users\/5"}],"replies":[{"embeddable":true,"href":"https:\/\/pkbfch.opatovska.sk\/index.php?rest_route=%2Fwp%2Fv2%2Fcomments&post=628"}],"version-history":[{"count":5,"href":"https:\/\/pkbfch.opatovska.sk\/index.php?rest_route=\/wp\/v2\/pages\/628\/revisions"}],"predecessor-version":[{"id":36611,"href":"https:\/\/pkbfch.opatovska.sk\/index.php?rest_route=\/wp\/v2\/pages\/628\/revisions\/36611"}],"wp:attachment":[{"href":"https:\/\/pkbfch.opatovska.sk\/index.php?rest_route=%2Fwp%2Fv2%2Fmedia&parent=628"}],"curies":[{"name":"wp","href":"https:\/\/api.w.org\/{rel}","templated":true}]}}