{"id":634,"date":"2022-09-22T15:37:54","date_gmt":"2022-09-22T13:37:54","guid":{"rendered":"http:\/\/pkbfch.opatovska.sk\/?page_id=634"},"modified":"2023-11-29T19:28:40","modified_gmt":"2023-11-29T17:28:40","slug":"minisoc","status":"publish","type":"page","link":"https:\/\/pkbfch.opatovska.sk\/?page_id=634","title":{"rendered":"miniSO\u010c"},"content":{"rendered":"\n<p>MiniSO\u010c je p\u00edsomn\u00e1 pr\u00e1ca \u017eiaka a&nbsp;m\u00e1 by\u0165 vyjadren\u00edm jeho \u0161pecifick\u00e9ho z\u00e1ujmu v&nbsp;pr\u00edrodovednej oblasti (biol\u00f3gia, fyzika, matematika, ch\u00e9mia). \u017diak si s\u00e1m vol\u00ed\/vyberie \u0161kolite\u013ea. Je dobr\u00e9, ak sa pr\u00e1ci \u017eiak venuje dlh\u0161\u00ed \u010das ( zbiera potrebn\u00e9 inform\u00e1cie, vzdel\u00e1va sa s\u00e1m v&nbsp;danej oblasti, nie\u010do sk\u00fama, pozoruje, s&nbsp;nie\u010d\u00edm experimentuje). Po\u010das pr\u00edpravy si \u017eiak vytv\u00e1ra svoje vlastn\u00e9 n\u00e1zory, postrehy a&nbsp;zaznamen\u00e1va ich. Vhodn\u00e9 je porovnanie v\u00fdhod, nev\u00fdhod, vyjadrenie argument\u00e1cie pre a&nbsp;proti \u010di vlastn\u00fdch my\u0161lienok. Pr\u00e1ca nesmie by\u0165 len odpisom z&nbsp;kn\u00edh \u010di k\u00f3piou nejakej Web-str\u00e1nky!<\/p>\n\n\n\n<div class=\"wp-block-file\"><a id=\"wp-block-file--media-d4caf87e-18cb-4602-9303-a75e27c93bb6\" href=\"https:\/\/pkbfch.opatovska.sk\/wp-content\/uploads\/2023\/11\/MINISOC_pokyny_2023_2024.docx\">MINISOC_pokyny_2023_2024<\/a><a href=\"https:\/\/pkbfch.opatovska.sk\/wp-content\/uploads\/2023\/11\/MINISOC_pokyny_2023_2024.docx\" class=\"wp-block-file__button\" download aria-describedby=\"wp-block-file--media-d4caf87e-18cb-4602-9303-a75e27c93bb6\">Stiahnu\u0165<\/a><\/div>\n\n\n\n<div class=\"wp-block-file\"><a id=\"wp-block-file--media-ce58812a-bfd5-408a-81c4-b2c462176499\" href=\"https:\/\/pkbfch.opatovska.sk\/wp-content\/uploads\/2023\/11\/Mini-SOC-praca-sablona.docx\">Mini-SOC-praca-sablona<\/a><a href=\"https:\/\/pkbfch.opatovska.sk\/wp-content\/uploads\/2023\/11\/Mini-SOC-praca-sablona.docx\" class=\"wp-block-file__button\" download aria-describedby=\"wp-block-file--media-ce58812a-bfd5-408a-81c4-b2c462176499\">Stiahnu\u0165<\/a><\/div>\n","protected":false},"excerpt":{"rendered":"<p>MiniSO\u010c je p\u00edsomn\u00e1 pr\u00e1ca \u017eiaka a&nbsp;m\u00e1 by\u0165 vyjadren\u00edm jeho \u0161pecifick\u00e9ho z\u00e1ujmu v&nbsp;pr\u00edrodovednej oblasti (biol\u00f3gia, fyzika, matematika, ch\u00e9mia). \u017diak si s\u00e1m vol\u00ed\/vyberie \u0161kolite\u013ea. Je dobr\u00e9, ak sa pr\u00e1ci \u017eiak venuje dlh\u0161\u00ed \u010das ( zbiera potrebn\u00e9 inform\u00e1cie, vzdel\u00e1va sa s\u00e1m v&nbsp;danej oblasti, nie\u010do sk\u00fama, pozoruje, s&nbsp;nie\u010d\u00edm experimentuje). Po\u010das pr\u00edpravy si \u017eiak vytv\u00e1ra svoje vlastn\u00e9 n\u00e1zory, postrehy a&nbsp;zaznamen\u00e1va [&hellip;]<\/p>\n","protected":false},"author":5,"featured_media":0,"parent":0,"menu_order":0,"comment_status":"closed","ping_status":"closed","template":"","meta":{"footnotes":""},"class_list":["post-634","page","type-page","status-publish","hentry"],"_links":{"self":[{"href":"https:\/\/pkbfch.opatovska.sk\/index.php?rest_route=\/wp\/v2\/pages\/634","targetHints":{"allow":["GET"]}}],"collection":[{"href":"https:\/\/pkbfch.opatovska.sk\/index.php?rest_route=\/wp\/v2\/pages"}],"about":[{"href":"https:\/\/pkbfch.opatovska.sk\/index.php?rest_route=\/wp\/v2\/types\/page"}],"author":[{"embeddable":true,"href":"https:\/\/pkbfch.opatovska.sk\/index.php?rest_route=\/wp\/v2\/users\/5"}],"replies":[{"embeddable":true,"href":"https:\/\/pkbfch.opatovska.sk\/index.php?rest_route=%2Fwp%2Fv2%2Fcomments&post=634"}],"version-history":[{"count":5,"href":"https:\/\/pkbfch.opatovska.sk\/index.php?rest_route=\/wp\/v2\/pages\/634\/revisions"}],"predecessor-version":[{"id":1002,"href":"https:\/\/pkbfch.opatovska.sk\/index.php?rest_route=\/wp\/v2\/pages\/634\/revisions\/1002"}],"wp:attachment":[{"href":"https:\/\/pkbfch.opatovska.sk\/index.php?rest_route=%2Fwp%2Fv2%2Fmedia&parent=634"}],"curies":[{"name":"wp","href":"https:\/\/api.w.org\/{rel}","templated":true}]}}