{"id":636,"date":"2022-09-22T15:38:31","date_gmt":"2022-09-22T13:38:31","guid":{"rendered":"http:\/\/pkbfch.opatovska.sk\/?page_id=636"},"modified":"2022-10-06T14:54:21","modified_gmt":"2022-10-06T12:54:21","slug":"soc","status":"publish","type":"page","link":"https:\/\/pkbfch.opatovska.sk\/?page_id=636","title":{"rendered":"SO\u010c"},"content":{"rendered":"\n<p>Stredo\u0161kolsk\u00e1 odborn\u00e1 \u010dinnos\u0165 (\u010falej len \u201eSO\u010c\u201c) je dobrovo\u013en\u00e1, z\u00e1ujmov\u00e1 \u010dinnos\u0165<br>mlad\u00fdch perspekt\u00edvnych vedcov z radov \u017eiakov stredn\u00fdch \u0161k\u00f4l. Podporuje<br>experimentovanie a b\u00e1danie, hodnotenie sebahodnotenie zru\u010dnost\u00ed vo vz\u0165ahu<br>k vlastn\u00e9mu pokroku. Stimuluje tvoriv\u00e9 a kritick\u00e9 myslenie, u\u010d\u00ed pracova\u0165<br>a vz\u00e1jomne sa re\u0161pektova\u0165 spolo\u010dne v t\u00edme. Napom\u00e1ha rozv\u00edja\u0165 soci\u00e1lny,<br>emocion\u00e1lny aj mor\u00e1lny v\u00fdvin osobnosti \u017eiaka. Je prehliadkou tvoriv\u00e9ho myslenia,<br>odborn\u00fdch vedomost\u00ed, praktick\u00fdch zru\u010dnost\u00ed, sk\u00fasenost\u00ed a talentu mlad\u00fdch \u013eud\u00ed.<\/p>\n\n\n\n<div class=\"wp-block-file\"><a id=\"wp-block-file--media-0a94a12f-3b38-4ef5-89b8-406936b4dd18\" href=\"http:\/\/pkbfch.opatovska.sk\/wp-content\/uploads\/2022\/10\/metodika-SOC-2.pdf\">metodika-SOC-2<\/a><a href=\"http:\/\/pkbfch.opatovska.sk\/wp-content\/uploads\/2022\/10\/metodika-SOC-2.pdf\" class=\"wp-block-file__button\" download aria-describedby=\"wp-block-file--media-0a94a12f-3b38-4ef5-89b8-406936b4dd18\">Stiahnu\u0165<\/a><\/div>\n","protected":false},"excerpt":{"rendered":"<p>Stredo\u0161kolsk\u00e1 odborn\u00e1 \u010dinnos\u0165 (\u010falej len \u201eSO\u010c\u201c) je dobrovo\u013en\u00e1, z\u00e1ujmov\u00e1 \u010dinnos\u0165mlad\u00fdch perspekt\u00edvnych vedcov z radov \u017eiakov stredn\u00fdch \u0161k\u00f4l. Podporujeexperimentovanie a b\u00e1danie, hodnotenie sebahodnotenie zru\u010dnost\u00ed vo vz\u0165ahuk vlastn\u00e9mu pokroku. Stimuluje tvoriv\u00e9 a kritick\u00e9 myslenie, u\u010d\u00ed pracova\u0165a vz\u00e1jomne sa re\u0161pektova\u0165 spolo\u010dne v t\u00edme. Napom\u00e1ha rozv\u00edja\u0165 soci\u00e1lny,emocion\u00e1lny aj mor\u00e1lny v\u00fdvin osobnosti \u017eiaka. Je prehliadkou tvoriv\u00e9ho myslenia,odborn\u00fdch vedomost\u00ed, praktick\u00fdch zru\u010dnost\u00ed, [&hellip;]<\/p>\n","protected":false},"author":5,"featured_media":0,"parent":0,"menu_order":0,"comment_status":"closed","ping_status":"closed","template":"","meta":{"footnotes":""},"class_list":["post-636","page","type-page","status-publish","hentry"],"_links":{"self":[{"href":"https:\/\/pkbfch.opatovska.sk\/index.php?rest_route=\/wp\/v2\/pages\/636","targetHints":{"allow":["GET"]}}],"collection":[{"href":"https:\/\/pkbfch.opatovska.sk\/index.php?rest_route=\/wp\/v2\/pages"}],"about":[{"href":"https:\/\/pkbfch.opatovska.sk\/index.php?rest_route=\/wp\/v2\/types\/page"}],"author":[{"embeddable":true,"href":"https:\/\/pkbfch.opatovska.sk\/index.php?rest_route=\/wp\/v2\/users\/5"}],"replies":[{"embeddable":true,"href":"https:\/\/pkbfch.opatovska.sk\/index.php?rest_route=%2Fwp%2Fv2%2Fcomments&post=636"}],"version-history":[{"count":4,"href":"https:\/\/pkbfch.opatovska.sk\/index.php?rest_route=\/wp\/v2\/pages\/636\/revisions"}],"predecessor-version":[{"id":668,"href":"https:\/\/pkbfch.opatovska.sk\/index.php?rest_route=\/wp\/v2\/pages\/636\/revisions\/668"}],"wp:attachment":[{"href":"https:\/\/pkbfch.opatovska.sk\/index.php?rest_route=%2Fwp%2Fv2%2Fmedia&parent=636"}],"curies":[{"name":"wp","href":"https:\/\/api.w.org\/{rel}","templated":true}]}}