{"id":8,"date":"2015-09-08T10:11:37","date_gmt":"2015-09-08T08:11:37","guid":{"rendered":"http:\/\/pkbfch.opatovska.sk\/?page_id=8"},"modified":"2025-11-06T15:46:59","modified_gmt":"2025-11-06T13:46:59","slug":"chemia","status":"publish","type":"page","link":"https:\/\/pkbfch.opatovska.sk\/?page_id=8","title":{"rendered":"O predmete &#8211; Ch\u00e9mia"},"content":{"rendered":"<p><strong>Vyu\u010duj\u00faci ch\u00e9mie:<\/strong><\/p>\n<p>RNDr. Timea G\u00e1bov\u00e1, PhD.<\/p>\n<p>RNDr. Marta Hal\u00e1szov\u00e1<\/p>\n<p>RNDr. Denisa Hrehorov\u00e1<\/p>\n<p><strong>Charakteristika u\u010debn\u00e9ho predmetu:<\/strong><\/p>\n<p>U\u010debn\u00fd predmet ch\u00e9mia na gymn\u00e1zi\u00e1ch, ako s\u00fa\u010das\u0165 vzdel\u00e1vacej oblasti \u010clovek a pr\u00edroda, poskytuje \u017eiakom vhodne vybran\u00fdmi poznatkami zo v\u0161eobecnej, anorganickej a organickej ch\u00e9mie didaktick\u00fd syst\u00e9m poznatkov o chemick\u00fdch l\u00e1tkach a ich premen\u00e1ch. Obsah u\u010diva tvoria predov\u0161etk\u00fdm poznatky o vlastnostiach a pou\u017eit\u00ed l\u00e1tok, s ktor\u00fdmi sa \u017eiaci stret\u00e1vaj\u00fa v be\u017enom \u017eivote. S\u00fa to najm\u00e4 oblasti ako: ch\u00e9mia potrav\u00edn a n\u00e1pojov, kozmetika, lie\u010div\u00e1, \u010distiace prostriedky a podobne. V obsahu u\u010diva s\u00fa v dostato\u010dnej miere zast\u00fapen\u00e9 aj poznatky, ktor\u00e9 umo\u017e\u0148uj\u00fa \u017eiakom ch\u00e1pa\u0165 v\u00fdznam chemickej vedy a chemick\u00e9ho priemyslu pre spolo\u010dnos\u0165 a pr\u00edrodu.<\/p>\n<p><strong>Cie\u013eov\u00e9 po\u017eiadavky na maturitn\u00fa sk\u00fa\u0161ku z CHE<\/strong><\/p>\n<p><a href=\"http:\/\/www.statpedu.sk\/files\/sk\/svp\/maturitne-skusky\/platne-od-sk-r-2018\/2019\/cp_chemia_2019.pdf\">http:\/\/www.statpedu.sk\/files\/sk\/svp\/maturitne-skusky\/platne-od-sk-r-2018\/2019\/cp_chemia_2019.pdf<\/a><\/p>\n<p><strong>Ak sa \u017eiak nez\u00fa\u010dastn\u00ed vopred ozn\u00e1menej p\u00edsomky, vyu\u010duj\u00faci v EduPage mu zad\u00e1 hodnotu \u201em\u201c, \u010do znamen\u00e1, \u017ee p\u00edsomku \u017eiak neabsolvoval. Toto hodnotenie bude \u017eiakovi zmenen\u00e9 po absolvovan\u00ed n\u00e1hradnej mo\u017enosti klasifik\u00e1cie, ktorej sp\u00f4sob a \u010das ur\u010d\u00ed vyu\u010duj\u00faci.<\/strong><\/p>\n","protected":false},"excerpt":{"rendered":"<p>Vyu\u010duj\u00faci ch\u00e9mie: RNDr. Timea G\u00e1bov\u00e1, PhD. RNDr. Marta Hal\u00e1szov\u00e1 RNDr. Denisa Hrehorov\u00e1 Charakteristika u\u010debn\u00e9ho predmetu: U\u010debn\u00fd predmet ch\u00e9mia na gymn\u00e1zi\u00e1ch, ako s\u00fa\u010das\u0165 vzdel\u00e1vacej oblasti \u010clovek a pr\u00edroda, poskytuje \u017eiakom vhodne vybran\u00fdmi poznatkami zo v\u0161eobecnej, anorganickej a organickej ch\u00e9mie didaktick\u00fd syst\u00e9m poznatkov o chemick\u00fdch l\u00e1tkach a ich premen\u00e1ch. Obsah u\u010diva tvoria predov\u0161etk\u00fdm poznatky o vlastnostiach a [&hellip;]<\/p>\n","protected":false},"author":1,"featured_media":0,"parent":0,"menu_order":0,"comment_status":"closed","ping_status":"open","template":"","meta":{"footnotes":""},"class_list":["post-8","page","type-page","status-publish","hentry"],"_links":{"self":[{"href":"https:\/\/pkbfch.opatovska.sk\/index.php?rest_route=\/wp\/v2\/pages\/8","targetHints":{"allow":["GET"]}}],"collection":[{"href":"https:\/\/pkbfch.opatovska.sk\/index.php?rest_route=\/wp\/v2\/pages"}],"about":[{"href":"https:\/\/pkbfch.opatovska.sk\/index.php?rest_route=\/wp\/v2\/types\/page"}],"author":[{"embeddable":true,"href":"https:\/\/pkbfch.opatovska.sk\/index.php?rest_route=\/wp\/v2\/users\/1"}],"replies":[{"embeddable":true,"href":"https:\/\/pkbfch.opatovska.sk\/index.php?rest_route=%2Fwp%2Fv2%2Fcomments&post=8"}],"version-history":[{"count":18,"href":"https:\/\/pkbfch.opatovska.sk\/index.php?rest_route=\/wp\/v2\/pages\/8\/revisions"}],"predecessor-version":[{"id":36604,"href":"https:\/\/pkbfch.opatovska.sk\/index.php?rest_route=\/wp\/v2\/pages\/8\/revisions\/36604"}],"wp:attachment":[{"href":"https:\/\/pkbfch.opatovska.sk\/index.php?rest_route=%2Fwp%2Fv2%2Fmedia&parent=8"}],"curies":[{"name":"wp","href":"https:\/\/api.w.org\/{rel}","templated":true}]}}